{"id":75,"date":"2025-09-20T13:02:15","date_gmt":"2025-09-20T13:02:15","guid":{"rendered":"https:\/\/mysleepysnail-editions.com\/?page_id=75"},"modified":"2025-09-26T08:17:08","modified_gmt":"2025-09-26T08:17:08","slug":"mss001","status":"publish","type":"page","link":"https:\/\/mysleepysnail-editions.com\/index.php\/mss001\/","title":{"rendered":"MSS001"},"content":{"rendered":"\n<figure class=\"wp-block-image alignfull size-full\" style=\"margin-right:0;margin-left:0\"><img loading=\"lazy\" decoding=\"async\" width=\"2466\" height=\"1752\" src=\"https:\/\/mysleepysnail-editions.com\/wp-content\/uploads\/2025\/09\/MSS001_vrac-paysage-sans-marge-2.jpg\" alt=\"\" class=\"wp-image-227\" srcset=\"https:\/\/mysleepysnail-editions.com\/wp-content\/uploads\/2025\/09\/MSS001_vrac-paysage-sans-marge-2.jpg 2466w, https:\/\/mysleepysnail-editions.com\/wp-content\/uploads\/2025\/09\/MSS001_vrac-paysage-sans-marge-2-300x213.jpg 300w, https:\/\/mysleepysnail-editions.com\/wp-content\/uploads\/2025\/09\/MSS001_vrac-paysage-sans-marge-2-1024x728.jpg 1024w, https:\/\/mysleepysnail-editions.com\/wp-content\/uploads\/2025\/09\/MSS001_vrac-paysage-sans-marge-2-768x546.jpg 768w, https:\/\/mysleepysnail-editions.com\/wp-content\/uploads\/2025\/09\/MSS001_vrac-paysage-sans-marge-2-1536x1091.jpg 1536w, https:\/\/mysleepysnail-editions.com\/wp-content\/uploads\/2025\/09\/MSS001_vrac-paysage-sans-marge-2-2048x1455.jpg 2048w\" sizes=\"auto, (max-width: 2466px) 100vw, 2466px\" \/><\/figure>\n\n\n\n<div class=\"wp-block-columns is-layout-flex wp-container-core-columns-is-layout-28f84493 wp-block-columns-is-layout-flex\">\n<div class=\"wp-block-column is-layout-flow wp-block-column-is-layout-flow\" style=\"padding-right:var(--wp--preset--spacing--30);padding-left:var(--wp--preset--spacing--30);flex-basis:50%\">\n<p class=\"has-large-font-size\">MSS001 split 10\u2019\u2019 Jano \/ Loto Retina<br>220 copies \u2014 septembre 2025<br>offset, s\u00e9rigraphie, bombe de peinture<br>17\u20ac + frais de port<br>face A enregistr\u00e9e et mix\u00e9e par Jano<br>face B enregistr\u00e9e par Loto Retina (extraits de live)<br>mastering par Anotine Nouel (Sound Love Studio)<br>image et s\u00e9rigraphie par nadi<br>texte par Lo\u00efc Ponceau<br><a href=\"https:\/\/mysleepysnail-editions.bandcamp.com\/album\/split-10-jano-loto-retina\" data-type=\"link\" data-id=\"https:\/\/mysleepysnail-editions.bandcamp.com\/album\/split-10-jano-loto-retina\" target=\"_blank\" rel=\"noreferrer noopener\">bandcamp<\/a><br><br><\/p>\n<\/div>\n\n\n\n<div class=\"wp-block-column is-layout-flow wp-block-column-is-layout-flow\" style=\"padding-right:var(--wp--preset--spacing--40);flex-basis:66.66%\">\n<p class=\"has-serif-font-family\" style=\"font-size:0.8rem;line-height:1\">\u00ab&nbsp;Je ne sais plus trop o\u00f9 Jano et moi nous sommes rencontr\u00e9\u00b7x\u00b7s pour la premi\u00e8re fois \u2013 \u00e0 Bruxelles surement, ailleurs peut-\u00eatre, je ne sais plus. Je me rappelle en tout cas la premi\u00e8re fois que je l&#8217;ai \u00e9cout\u00e9 jouer \u00ab en direct \u00bb, lors du festival Gofildren. Un graffiti sign\u00e9 d\u2019une main est appos\u00e9 sur une colonne du ZonneKlopper, \u00e0 Bruxelles :&nbsp;<br><br><em>the only good system is a soundsystem<\/em>.<br><br>Je ne sais pas s&#8217;il est de son fait, mais pour moi, il parle de ellui \u00e0 la perfection.<br><br>Avec Loto, le rapprochement fut d&#8217;abord dict\u00e9 par une sid\u00e9ration commune, celle d&#8217;un g\u00e9nocide qui se dessinait d\u00e9j\u00e0. Nous avons alors tent\u00e9 tant bien que mal de nous extirper de la t\u00e9tanie ensemble, de construire et sortir de notre t\u00eate. Et avec iel aussi seconde rencontre lors d&#8217;un concert, o\u00f9 je me suis trouv\u00e9 pris par les pieds, incapable d&#8217;inspecter ce que j&#8217;entendais (ce qui est souvent un tr\u00e8s bon augure), le corps endolori de s&#8217;\u00eatre tant mu, apr\u00e8s coup. Enfin en dehors de la torpeur.<br><br>Si je parle de tout cela, c&#8217;est que ce split inaugural pour my sleepy snail \u00e9ditions me plonge \u00e0 nouveau dans ces rencontres. J&#8217;aime passer du temps, discuter avec Jano et Loto (cela arrive plut\u00f4t rarement, mais n&#8217;emp\u00eache !) et ces six morceaux, qui se r\u00e9pondent avec tant de clart\u00e9, me parlent d&#8217;elleux sans fausset\u00e9.&nbsp;<br><br>M&#8217;y plonger, c&#8217;est renouveler l&#8217;exp\u00e9rience de ces situations premi\u00e8res, m&#8217;abandonner encore une fois \u00e0 une musique de danse \u00e9vidente et directe, dense. Parce que nous dansons, mais la multitude des fragments, indompt\u00e9s malgr\u00e9 les apparences, dansent aussi, voyez-vous.<br><br>Les mani\u00e8res d&#8217;emm\u00ealer et de ciseler, de nous mettre dedans pour ainsi dire, divergent. Pourtant, les r\u00e9cits sont \u00e9tonnement proches. Loto rompt et joint fr\u00e9n\u00e9tiquement, les id\u00e9es fusent et entrent en collision, comme les textures. Mais iel ne se disperse pas et s&#8217;engouffre plut\u00f4t, en avant et dans la h\u00e2te, au sommet de son art martial sonore. Jano aime tirer sur la corde, faire durer, nous prendre pleinement \u2013 tapit dans le presque-fond du temps sans z\u00e8le, iel vient jouer avec nos ressentis d&#8217;\u00eatres augment\u00e9\u00b7e\u00b7s, recouvre les parois de notre nostalgie pour se jouer de nos stimuli-souvenir.<br><br>La synchronicit\u00e9 de ces rythmiques et \u00e9chantillons, items ind\u00e9cis, est-elle machinique, jou\u00e9e, alt\u00e9r\u00e9e ? Cela a-t-il un sens ou une importance ?&nbsp;<br><br>Dans tous les cas c&#8217;est carr\u00e9 mais rond, flottant et pr\u00e9cis, jamais \u00e0 c\u00f4t\u00e9.<br><br>On ne sait quel est le genre, quels doivent-\u00eatre les mouvements ; le corps d\u00e9borde et se lib\u00e8re enfin, comme les sons. Cette envie d&#8217;aller par-del\u00e0 parle d&#8217;ici bas, elle est un combat de tous les instants, celui que ces deux \u00eatres m\u00e8nent sans cesse. \u00bb<\/p>\n<\/div>\n<\/div>\n\n\n\n<p class=\"has-text-align-right\" style=\"font-size:0.5rem\">Lo\u00efc Ponceau<\/p>\n\n\n\n<figure class=\"wp-block-image size-full\"><img loading=\"lazy\" decoding=\"async\" width=\"2560\" height=\"2489\" src=\"https:\/\/mysleepysnail-editions.com\/wp-content\/uploads\/2025\/09\/MSS001_recto-verso-disques02-scaled.jpg\" alt=\"\" class=\"wp-image-247\" srcset=\"https:\/\/mysleepysnail-editions.com\/wp-content\/uploads\/2025\/09\/MSS001_recto-verso-disques02-scaled.jpg 2560w, https:\/\/mysleepysnail-editions.com\/wp-content\/uploads\/2025\/09\/MSS001_recto-verso-disques02-300x292.jpg 300w, https:\/\/mysleepysnail-editions.com\/wp-content\/uploads\/2025\/09\/MSS001_recto-verso-disques02-1024x995.jpg 1024w, https:\/\/mysleepysnail-editions.com\/wp-content\/uploads\/2025\/09\/MSS001_recto-verso-disques02-768x747.jpg 768w, https:\/\/mysleepysnail-editions.com\/wp-content\/uploads\/2025\/09\/MSS001_recto-verso-disques02-1536x1493.jpg 1536w, https:\/\/mysleepysnail-editions.com\/wp-content\/uploads\/2025\/09\/MSS001_recto-verso-disques02-2048x1991.jpg 2048w\" sizes=\"auto, (max-width: 2560px) 100vw, 2560px\" \/><\/figure>\n\n\n\n<div class=\"wp-block-columns is-layout-flex wp-container-core-columns-is-layout-28f84493 wp-block-columns-is-layout-flex\" style=\"border-style:none;border-width:0px\">\n<div class=\"wp-block-column is-layout-flow wp-block-column-is-layout-flow\"><\/div>\n\n\n\n<div class=\"wp-block-column is-layout-flow wp-block-column-is-layout-flow\"><\/div>\n<\/div>\n","protected":false},"excerpt":{"rendered":"<p>MSS001 split 10\u2019\u2019 Jano \/ Loto Retina220 copies \u2014 septembre 2025offset, s\u00e9rigraphie, bombe de peinture17\u20ac + frais de portface A enregistr\u00e9e et mix\u00e9e par Janoface B enregistr\u00e9e par Loto Retina (extraits de live)mastering par Anotine Nouel (Sound Love Studio)image et s\u00e9rigraphie par naditexte par Lo\u00efc Ponceaubandcamp \u00ab&nbsp;Je ne sais plus trop o\u00f9 Jano et moi [&hellip;]<\/p>\n","protected":false},"author":1,"featured_media":0,"parent":0,"menu_order":0,"comment_status":"closed","ping_status":"closed","template":"","meta":{"footnotes":""},"class_list":["post-75","page","type-page","status-publish","hentry"],"_links":{"self":[{"href":"https:\/\/mysleepysnail-editions.com\/index.php\/wp-json\/wp\/v2\/pages\/75","targetHints":{"allow":["GET"]}}],"collection":[{"href":"https:\/\/mysleepysnail-editions.com\/index.php\/wp-json\/wp\/v2\/pages"}],"about":[{"href":"https:\/\/mysleepysnail-editions.com\/index.php\/wp-json\/wp\/v2\/types\/page"}],"author":[{"embeddable":true,"href":"https:\/\/mysleepysnail-editions.com\/index.php\/wp-json\/wp\/v2\/users\/1"}],"replies":[{"embeddable":true,"href":"https:\/\/mysleepysnail-editions.com\/index.php\/wp-json\/wp\/v2\/comments?post=75"}],"version-history":[{"count":51,"href":"https:\/\/mysleepysnail-editions.com\/index.php\/wp-json\/wp\/v2\/pages\/75\/revisions"}],"predecessor-version":[{"id":252,"href":"https:\/\/mysleepysnail-editions.com\/index.php\/wp-json\/wp\/v2\/pages\/75\/revisions\/252"}],"wp:attachment":[{"href":"https:\/\/mysleepysnail-editions.com\/index.php\/wp-json\/wp\/v2\/media?parent=75"}],"curies":[{"name":"wp","href":"https:\/\/api.w.org\/{rel}","templated":true}]}}