{"id":450,"date":"2026-05-04T15:05:02","date_gmt":"2026-05-04T15:05:02","guid":{"rendered":"https:\/\/mysleepysnail-editions.com\/?page_id=450"},"modified":"2026-05-08T07:51:15","modified_gmt":"2026-05-08T07:51:15","slug":"mss003","status":"publish","type":"page","link":"https:\/\/mysleepysnail-editions.com\/index.php\/mss003\/","title":{"rendered":"MSS003"},"content":{"rendered":"\n<div class=\"wp-block-columns is-layout-flex wp-container-core-columns-is-layout-28f84493 wp-block-columns-is-layout-flex\">\n<div class=\"wp-block-column is-layout-flow wp-block-column-is-layout-flow\">\n<figure class=\"wp-block-image aligncenter size-full is-resized\" style=\"margin-left:var(--wp--preset--spacing--30)\"><img loading=\"lazy\" decoding=\"async\" width=\"1445\" height=\"1074\" src=\"https:\/\/mysleepysnail-editions.com\/wp-content\/uploads\/2026\/05\/Capture-decran-2026-04-28-a-17.04.09-2.png\" alt=\"\" class=\"wp-image-474\" style=\"width:600px\" srcset=\"https:\/\/mysleepysnail-editions.com\/wp-content\/uploads\/2026\/05\/Capture-decran-2026-04-28-a-17.04.09-2.png 1445w, https:\/\/mysleepysnail-editions.com\/wp-content\/uploads\/2026\/05\/Capture-decran-2026-04-28-a-17.04.09-2-300x223.png 300w, https:\/\/mysleepysnail-editions.com\/wp-content\/uploads\/2026\/05\/Capture-decran-2026-04-28-a-17.04.09-2-1024x761.png 1024w, https:\/\/mysleepysnail-editions.com\/wp-content\/uploads\/2026\/05\/Capture-decran-2026-04-28-a-17.04.09-2-768x571.png 768w\" sizes=\"auto, (max-width: 1445px) 100vw, 1445px\" \/><\/figure>\n<\/div>\n\n\n\n<div class=\"wp-block-column is-layout-flow wp-block-column-is-layout-flow\">\n<figure class=\"wp-block-image alignright size-full is-resized\" style=\"margin-right:var(--wp--preset--spacing--80);margin-left:var(--wp--preset--spacing--80)\"><img loading=\"lazy\" decoding=\"async\" width=\"1196\" height=\"1576\" src=\"https:\/\/mysleepysnail-editions.com\/wp-content\/uploads\/2026\/05\/Capture-decran-2026-05-07-a-17.57.37.png\" alt=\"\" class=\"wp-image-476\" style=\"width:320px\" srcset=\"https:\/\/mysleepysnail-editions.com\/wp-content\/uploads\/2026\/05\/Capture-decran-2026-05-07-a-17.57.37.png 1196w, https:\/\/mysleepysnail-editions.com\/wp-content\/uploads\/2026\/05\/Capture-decran-2026-05-07-a-17.57.37-228x300.png 228w, https:\/\/mysleepysnail-editions.com\/wp-content\/uploads\/2026\/05\/Capture-decran-2026-05-07-a-17.57.37-777x1024.png 777w, https:\/\/mysleepysnail-editions.com\/wp-content\/uploads\/2026\/05\/Capture-decran-2026-05-07-a-17.57.37-768x1012.png 768w, https:\/\/mysleepysnail-editions.com\/wp-content\/uploads\/2026\/05\/Capture-decran-2026-05-07-a-17.57.37-1166x1536.png 1166w\" sizes=\"auto, (max-width: 1196px) 100vw, 1196px\" \/><\/figure>\n<\/div>\n<\/div>\n\n\n\n<div class=\"wp-block-group has-global-padding is-layout-constrained wp-block-group-is-layout-constrained\">\n<div class=\"wp-block-columns is-layout-flex wp-container-core-columns-is-layout-28f84493 wp-block-columns-is-layout-flex\">\n<div class=\"wp-block-column is-layout-flow wp-block-column-is-layout-flow\">\n<p class=\"has-large-font-size\" style=\"margin-top:var(--wp--preset--spacing--30)\">MSS003 cassette + poster<br><em>Pushing the Screws<\/em> &#8211; m.j.suinat<br>100 copies &#8211; May 2026<br>laser &amp; screen printing<br>10\u20ac<br><br>music by Margaux Suinat<br>bass by Claude Nouk<br>mixed by Victor Donati<br>mastered by Sylvain Gerboud<br><br>artwork and screen printing by nadi<br>screen printing assistance by Vincent Brun<br><br>text by jano<br><br><a href=\"https:\/\/mysleepysnail-editions.bandcamp.com\/album\/pushing-the-screws\" data-type=\"link\" data-id=\"https:\/\/mysleepysnail-editions.bandcamp.com\/album\/pushing-the-screws\"><strong>bandcamp<\/strong><\/a><br><br><\/p>\n<\/div>\n\n\n\n<div class=\"wp-block-column is-layout-flow wp-block-column-is-layout-flow\" style=\"flex-basis:66.66%\">\n<p class=\"has-small-font-size\" style=\"margin-top:var(--wp--preset--spacing--30)\"><em>Pushing the Screws<\/em> is Marseille-based m.j.suinat&#8217;s first album &#8211; and it&#8217;s a poignant conjuration of emo-wounds, experiencing near-psychedelic introspection, along with words of wisdom and bittersweet conclusions.<br><br><\/p>\n\n\n\n<p class=\"has-small-font-size\">She sings and plays the guitar in a way that combines melancholy, apprehension and meandering &#8211; yet, at the same time, there&#8217;s an underlying feeling that things will be alright after all.<br><br><\/p>\n\n\n\n<p class=\"has-small-font-size\">It takes several listens to notice all the intricate details distilled within the mix &#8211; echoing the conflicting emotions put into song &amp; sound. While the music hits very vulnerable spots, it is far from sounding naive, and rather thickens into abstraction, eerie softness and tension.<br><br><\/p>\n\n\n\n<p class=\"has-small-font-size\">The voice plays with its own story, mellows itself, derails\u2026 and slowly its presence dwindles into secrets. The questions become contemplative, yet agitated thoughts. Softness thickens, stretches itself into instrumental calls-and-responses, summoning more complexity and catharsis. Some lighter, almost-pop like elements trigger saturated, soaring sounds. What once mirrored genuine solace shifts into trouble, amplified ghosts, distorted by waves of riffs.<br><br><\/p>\n\n\n\n<p class=\"has-small-font-size\"><em>Pushing the Screws<\/em> reenacts sensations one could experience with grunge, art-rock with a shoegaze thread, and folk songs &#8211; for ears intrigued by what Julee Cruise, Smashing Pumpkins and Cindy Lee&#8217;s could intricately share.<br><br><\/p>\n\n\n\n<p class=\"has-small-font-size\">~<br><br>\u2028\u2028<em>Pushing the Screws<\/em>, le premier album de m.j.suinat, sonne comme une conjuration de blessures emo &#8211; avec ses introspections parfois psych\u00e9d\u00e9liques, ses mots de raison et ses constats doux-amers.<br><br><\/p>\n\n\n\n<p class=\"has-small-font-size\">Le chant de m.j.suinat, sa guitare et ses m\u00e9lodies rassemblent m\u00e9lancolie, appr\u00e9hension et gamberge, mais aussi une forme d&#8217;assurance que les choses iront malgr\u00e9 tout.<br><br><\/p>\n\n\n\n<p class=\"has-small-font-size\">Les morceaux r\u00e9v\u00e8lent \u00e9coute apr\u00e8s \u00e9coute de nouveaux d\u00e9tails distill\u00e9s dans le mix, \u00e0 l&#8217;image des \u00e9motions contradictoires mises en [chan]son. Tout en touchant des endroits fort vuln\u00e9rables, les sons sont loin d&#8217;\u00eatre na\u00effs, et se densifient avec des moments d&#8217;abstractions et de tension. La voix joue de son propre r\u00e9cit, adoucit, d\u00e9raille\u2026 Puis se rar\u00e9fie, quittant la narration pour le secret &#8211; aux questions succ\u00e8de un temps plus contemplatif, quoique bien agit\u00e9.<br><br><\/p>\n\n\n\n<p class=\"has-small-font-size\">Toute douceur devient \u00e9paisseur, s&#8217;\u00e9tirant en questions r\u00e9ponses instrumentales de plus en plus imbriqu\u00e9es et cathartiques. Quelques \u00e9l\u00e9ments &#8220;pop&#8221; et l\u00e9gers sont les d\u00e9clencheurs d&#8217;envol\u00e9es distordues et satur\u00e9es.\u2028Ce qui pouvait sonner comme un r\u00e9confort presque candide devient trouble, des fant\u00f4mes amplifi\u00e9s et d\u00e9form\u00e9s par les riffs en vagues.<br><br><\/p>\n\n\n\n<p class=\"has-small-font-size\"><em>Pushing the Screws<\/em> rejoue des sensations propres au grunge, \u00e0 l&#8217;art-rock tirant vers le shoegaze, et aux chansons folk &#8211; sans ordre ni raison pr\u00e9cise. Pour celleux qui aiment ce que Julee Cruise, Smashing Pumpkins et Cindy Lee peuvent avoir de complexe en commun.<\/p>\n\n\n\n<p class=\"has-text-align-right has-small-font-size\"><strong>jano<\/strong><\/p>\n\n\n\n<figure class=\"wp-block-image alignleft size-full is-resized\"><img loading=\"lazy\" decoding=\"async\" width=\"1487\" height=\"2308\" src=\"https:\/\/mysleepysnail-editions.com\/wp-content\/uploads\/2026\/05\/MSS003_instagram03-1.png\" alt=\"\" class=\"wp-image-500\" style=\"width:400px\" srcset=\"https:\/\/mysleepysnail-editions.com\/wp-content\/uploads\/2026\/05\/MSS003_instagram03-1.png 1487w, https:\/\/mysleepysnail-editions.com\/wp-content\/uploads\/2026\/05\/MSS003_instagram03-1-193x300.png 193w, https:\/\/mysleepysnail-editions.com\/wp-content\/uploads\/2026\/05\/MSS003_instagram03-1-660x1024.png 660w, https:\/\/mysleepysnail-editions.com\/wp-content\/uploads\/2026\/05\/MSS003_instagram03-1-768x1192.png 768w, https:\/\/mysleepysnail-editions.com\/wp-content\/uploads\/2026\/05\/MSS003_instagram03-1-990x1536.png 990w, https:\/\/mysleepysnail-editions.com\/wp-content\/uploads\/2026\/05\/MSS003_instagram03-1-1319x2048.png 1319w\" sizes=\"auto, (max-width: 1487px) 100vw, 1487px\" \/><\/figure>\n<\/div>\n<\/div>\n<\/div>\n\n\n\n<div class=\"wp-block-columns is-layout-flex wp-container-core-columns-is-layout-28f84493 wp-block-columns-is-layout-flex\">\n<div class=\"wp-block-column is-layout-flow wp-block-column-is-layout-flow\"><\/div>\n<\/div>\n\n\n\n<p><\/p>\n","protected":false},"excerpt":{"rendered":"<p>MSS003 cassette + posterPushing the Screws &#8211; m.j.suinat100 copies &#8211; May 2026laser &amp; screen printing10\u20ac music by Margaux Suinatbass by Claude Noukmixed by Victor Donatimastered by Sylvain Gerboud artwork and screen printing by nadiscreen printing assistance by Vincent Brun text by jano bandcamp Pushing the Screws is Marseille-based m.j.suinat&#8217;s first album &#8211; and it&#8217;s a [&hellip;]<\/p>\n","protected":false},"author":1,"featured_media":0,"parent":0,"menu_order":0,"comment_status":"closed","ping_status":"closed","template":"","meta":{"footnotes":""},"class_list":["post-450","page","type-page","status-publish","hentry"],"_links":{"self":[{"href":"https:\/\/mysleepysnail-editions.com\/index.php\/wp-json\/wp\/v2\/pages\/450","targetHints":{"allow":["GET"]}}],"collection":[{"href":"https:\/\/mysleepysnail-editions.com\/index.php\/wp-json\/wp\/v2\/pages"}],"about":[{"href":"https:\/\/mysleepysnail-editions.com\/index.php\/wp-json\/wp\/v2\/types\/page"}],"author":[{"embeddable":true,"href":"https:\/\/mysleepysnail-editions.com\/index.php\/wp-json\/wp\/v2\/users\/1"}],"replies":[{"embeddable":true,"href":"https:\/\/mysleepysnail-editions.com\/index.php\/wp-json\/wp\/v2\/comments?post=450"}],"version-history":[{"count":53,"href":"https:\/\/mysleepysnail-editions.com\/index.php\/wp-json\/wp\/v2\/pages\/450\/revisions"}],"predecessor-version":[{"id":514,"href":"https:\/\/mysleepysnail-editions.com\/index.php\/wp-json\/wp\/v2\/pages\/450\/revisions\/514"}],"wp:attachment":[{"href":"https:\/\/mysleepysnail-editions.com\/index.php\/wp-json\/wp\/v2\/media?parent=450"}],"curies":[{"name":"wp","href":"https:\/\/api.w.org\/{rel}","templated":true}]}}