{"id":291,"date":"2025-12-06T11:36:36","date_gmt":"2025-12-06T11:36:36","guid":{"rendered":"https:\/\/mysleepysnail-editions.com\/?page_id=291"},"modified":"2025-12-08T09:00:05","modified_gmt":"2025-12-08T09:00:05","slug":"mss002","status":"publish","type":"page","link":"https:\/\/mysleepysnail-editions.com\/index.php\/mss002\/","title":{"rendered":"MSS002"},"content":{"rendered":"\n<div class=\"wp-block-columns is-layout-flex wp-container-core-columns-is-layout-28f84493 wp-block-columns-is-layout-flex\">\n<div class=\"wp-block-column is-layout-flow wp-block-column-is-layout-flow\" style=\"flex-basis:750px\">\n<figure class=\"wp-block-image size-large\"><img loading=\"lazy\" decoding=\"async\" width=\"1024\" height=\"758\" src=\"https:\/\/mysleepysnail-editions.com\/wp-content\/uploads\/2025\/12\/MSS002_01_150pp-copie-2-1-1024x758.jpg\" alt=\"\" class=\"wp-image-322\" srcset=\"https:\/\/mysleepysnail-editions.com\/wp-content\/uploads\/2025\/12\/MSS002_01_150pp-copie-2-1-1024x758.jpg 1024w, https:\/\/mysleepysnail-editions.com\/wp-content\/uploads\/2025\/12\/MSS002_01_150pp-copie-2-1-300x222.jpg 300w, https:\/\/mysleepysnail-editions.com\/wp-content\/uploads\/2025\/12\/MSS002_01_150pp-copie-2-1-768x569.jpg 768w, https:\/\/mysleepysnail-editions.com\/wp-content\/uploads\/2025\/12\/MSS002_01_150pp-copie-2-1-1536x1138.jpg 1536w, https:\/\/mysleepysnail-editions.com\/wp-content\/uploads\/2025\/12\/MSS002_01_150pp-copie-2-1.jpg 1793w\" sizes=\"auto, (max-width: 1024px) 100vw, 1024px\" \/><\/figure>\n\n\n\n<div class=\"wp-block-group has-global-padding is-layout-constrained wp-container-core-group-is-layout-cc5218b1 wp-block-group-is-layout-constrained\" style=\"padding-top:var(--wp--preset--spacing--20);padding-right:var(--wp--preset--spacing--30);padding-bottom:var(--wp--preset--spacing--20);padding-left:var(--wp--preset--spacing--30)\">\n<div class=\"wp-block-group has-global-padding is-layout-constrained wp-block-group-is-layout-constrained\">\n<p class=\"has-large-font-size\">MSS002 mini-s\u00e9rie de 9 ceintures<\/p>\n\n\n\n<p class=\"has-large-font-size\"><em>&#8216;COULD YOU LOVE FREAKS?&#8217;<\/em><\/p>\n<\/div>\n\n\n\n<p class=\"has-large-font-size\">s\u00e9rigraphie naturelle par oxydation au sulfate de fer sur teinture \u00e0 la noix de galle<\/p>\n\n\n\n<p class=\"has-large-font-size\">drap en lin, fil, boucle, thermocollant 2nd main<br>longueur 129cm<\/p>\n\n\n\n<p class=\"has-large-font-size\">50\u20ac + frais de port<\/p>\n<\/div>\n<\/div>\n\n\n\n<div class=\"wp-block-column is-layout-flow wp-block-column-is-layout-flow\">\n<figure class=\"wp-block-image size-full is-resized\" style=\"margin-left:var(--wp--preset--spacing--50)\"><img loading=\"lazy\" decoding=\"async\" width=\"352\" height=\"2560\" src=\"https:\/\/mysleepysnail-editions.com\/wp-content\/uploads\/2025\/12\/ceinture_photomontage_scan-copie-2-2-scaled.jpg\" alt=\"\" class=\"wp-image-314\" style=\"width:auto;height:1700px\" srcset=\"https:\/\/mysleepysnail-editions.com\/wp-content\/uploads\/2025\/12\/ceinture_photomontage_scan-copie-2-2-scaled.jpg 352w, https:\/\/mysleepysnail-editions.com\/wp-content\/uploads\/2025\/12\/ceinture_photomontage_scan-copie-2-2-141x1024.jpg 141w, https:\/\/mysleepysnail-editions.com\/wp-content\/uploads\/2025\/12\/ceinture_photomontage_scan-copie-2-2-211x1536.jpg 211w\" sizes=\"auto, (max-width: 352px) 100vw, 352px\" \/><\/figure>\n<\/div>\n<\/div>\n","protected":false},"excerpt":{"rendered":"<p>MSS002 mini-s\u00e9rie de 9 ceintures &#8216;COULD YOU LOVE FREAKS?&#8217; s\u00e9rigraphie naturelle par oxydation au sulfate de fer sur teinture \u00e0 la noix de galle drap en lin, fil, boucle, thermocollant 2nd mainlongueur 129cm 50\u20ac + frais de port<\/p>\n","protected":false},"author":1,"featured_media":0,"parent":0,"menu_order":0,"comment_status":"closed","ping_status":"closed","template":"","meta":{"footnotes":""},"class_list":["post-291","page","type-page","status-publish","hentry"],"_links":{"self":[{"href":"https:\/\/mysleepysnail-editions.com\/index.php\/wp-json\/wp\/v2\/pages\/291","targetHints":{"allow":["GET"]}}],"collection":[{"href":"https:\/\/mysleepysnail-editions.com\/index.php\/wp-json\/wp\/v2\/pages"}],"about":[{"href":"https:\/\/mysleepysnail-editions.com\/index.php\/wp-json\/wp\/v2\/types\/page"}],"author":[{"embeddable":true,"href":"https:\/\/mysleepysnail-editions.com\/index.php\/wp-json\/wp\/v2\/users\/1"}],"replies":[{"embeddable":true,"href":"https:\/\/mysleepysnail-editions.com\/index.php\/wp-json\/wp\/v2\/comments?post=291"}],"version-history":[{"count":31,"href":"https:\/\/mysleepysnail-editions.com\/index.php\/wp-json\/wp\/v2\/pages\/291\/revisions"}],"predecessor-version":[{"id":354,"href":"https:\/\/mysleepysnail-editions.com\/index.php\/wp-json\/wp\/v2\/pages\/291\/revisions\/354"}],"wp:attachment":[{"href":"https:\/\/mysleepysnail-editions.com\/index.php\/wp-json\/wp\/v2\/media?parent=291"}],"curies":[{"name":"wp","href":"https:\/\/api.w.org\/{rel}","templated":true}]}}