{"id":274,"date":"2025-11-21T11:22:06","date_gmt":"2025-11-21T11:22:06","guid":{"rendered":"https:\/\/mysleepysnail-editions.com\/?page_id=274"},"modified":"2025-12-06T12:49:53","modified_gmt":"2025-12-06T12:49:53","slug":"mss001t","status":"publish","type":"page","link":"https:\/\/mysleepysnail-editions.com\/index.php\/mss001t\/","title":{"rendered":"MSS001t"},"content":{"rendered":"\n<div class=\"wp-block-columns is-layout-flex wp-container-core-columns-is-layout-28f84493 wp-block-columns-is-layout-flex\">\n<div class=\"wp-block-column is-layout-flow wp-block-column-is-layout-flow\">\n<figure class=\"wp-block-image size-full\"><img loading=\"lazy\" decoding=\"async\" width=\"2560\" height=\"1668\" src=\"https:\/\/mysleepysnail-editions.com\/wp-content\/uploads\/2025\/12\/IMG_7431-1-scaled.jpg\" alt=\"\" class=\"wp-image-341\" srcset=\"https:\/\/mysleepysnail-editions.com\/wp-content\/uploads\/2025\/12\/IMG_7431-1-scaled.jpg 2560w, https:\/\/mysleepysnail-editions.com\/wp-content\/uploads\/2025\/12\/IMG_7431-1-300x195.jpg 300w, https:\/\/mysleepysnail-editions.com\/wp-content\/uploads\/2025\/12\/IMG_7431-1-1024x667.jpg 1024w, https:\/\/mysleepysnail-editions.com\/wp-content\/uploads\/2025\/12\/IMG_7431-1-768x500.jpg 768w, https:\/\/mysleepysnail-editions.com\/wp-content\/uploads\/2025\/12\/IMG_7431-1-1536x1001.jpg 1536w, https:\/\/mysleepysnail-editions.com\/wp-content\/uploads\/2025\/12\/IMG_7431-1-2048x1334.jpg 2048w\" sizes=\"auto, (max-width: 2560px) 100vw, 2560px\" \/><\/figure>\n\n\n\n<div class=\"wp-block-group has-global-padding is-layout-constrained wp-container-core-group-is-layout-ff778368 wp-block-group-is-layout-constrained\" style=\"padding-right:var(--wp--preset--spacing--30);padding-left:var(--wp--preset--spacing--30)\">\n<p class=\"has-large-font-size\">MSS001t s\u00e9rie de 45 t-shirts qui accompagne le disque de Jano et Loto Retina<\/p>\n\n\n\n<p class=\"has-large-font-size\">s\u00e9rigraphie naturelle par oxydation au sulfate de fer sur teinture \u00e0 la noix de galle<br>lot de t-shirts &#8216;neufs&#8217; de 2nd main<br>image et s\u00e9rigraphie par nadi<br>25\u20ac\u00a0<em>(sold out)<\/em><\/p>\n<\/div>\n<\/div>\n\n\n\n<div class=\"wp-block-column is-layout-flow wp-block-column-is-layout-flow\">\n<figure class=\"wp-block-image size-large\"><img loading=\"lazy\" decoding=\"async\" width=\"871\" height=\"1024\" src=\"https:\/\/mysleepysnail-editions.com\/wp-content\/uploads\/2025\/12\/MSS001t_scan_photomontage20x20-871x1024.jpg\" alt=\"\" class=\"wp-image-334\" srcset=\"https:\/\/mysleepysnail-editions.com\/wp-content\/uploads\/2025\/12\/MSS001t_scan_photomontage20x20-871x1024.jpg 871w, https:\/\/mysleepysnail-editions.com\/wp-content\/uploads\/2025\/12\/MSS001t_scan_photomontage20x20-255x300.jpg 255w, https:\/\/mysleepysnail-editions.com\/wp-content\/uploads\/2025\/12\/MSS001t_scan_photomontage20x20-768x903.jpg 768w, https:\/\/mysleepysnail-editions.com\/wp-content\/uploads\/2025\/12\/MSS001t_scan_photomontage20x20-1306x1536.jpg 1306w, https:\/\/mysleepysnail-editions.com\/wp-content\/uploads\/2025\/12\/MSS001t_scan_photomontage20x20-1741x2048.jpg 1741w, https:\/\/mysleepysnail-editions.com\/wp-content\/uploads\/2025\/12\/MSS001t_scan_photomontage20x20.jpg 1821w\" sizes=\"auto, (max-width: 871px) 100vw, 871px\" \/><\/figure>\n<\/div>\n<\/div>\n","protected":false},"excerpt":{"rendered":"<p>MSS001t s\u00e9rie de 45 t-shirts qui accompagne le disque de Jano et Loto Retina s\u00e9rigraphie naturelle par oxydation au sulfate de fer sur teinture \u00e0 la noix de gallelot de t-shirts &#8216;neufs&#8217; de 2nd mainimage et s\u00e9rigraphie par nadi25\u20ac\u00a0(sold out)<\/p>\n","protected":false},"author":1,"featured_media":0,"parent":0,"menu_order":0,"comment_status":"closed","ping_status":"closed","template":"","meta":{"footnotes":""},"class_list":["post-274","page","type-page","status-publish","hentry"],"_links":{"self":[{"href":"https:\/\/mysleepysnail-editions.com\/index.php\/wp-json\/wp\/v2\/pages\/274","targetHints":{"allow":["GET"]}}],"collection":[{"href":"https:\/\/mysleepysnail-editions.com\/index.php\/wp-json\/wp\/v2\/pages"}],"about":[{"href":"https:\/\/mysleepysnail-editions.com\/index.php\/wp-json\/wp\/v2\/types\/page"}],"author":[{"embeddable":true,"href":"https:\/\/mysleepysnail-editions.com\/index.php\/wp-json\/wp\/v2\/users\/1"}],"replies":[{"embeddable":true,"href":"https:\/\/mysleepysnail-editions.com\/index.php\/wp-json\/wp\/v2\/comments?post=274"}],"version-history":[{"count":14,"href":"https:\/\/mysleepysnail-editions.com\/index.php\/wp-json\/wp\/v2\/pages\/274\/revisions"}],"predecessor-version":[{"id":345,"href":"https:\/\/mysleepysnail-editions.com\/index.php\/wp-json\/wp\/v2\/pages\/274\/revisions\/345"}],"wp:attachment":[{"href":"https:\/\/mysleepysnail-editions.com\/index.php\/wp-json\/wp\/v2\/media?parent=274"}],"curies":[{"name":"wp","href":"https:\/\/api.w.org\/{rel}","templated":true}]}}